{"id":33,"date":"2022-01-26T10:27:32","date_gmt":"2022-01-26T10:27:32","guid":{"rendered":"https:\/\/pihasauna.fi\/?page_id=33"},"modified":"2022-01-26T10:37:35","modified_gmt":"2022-01-26T10:37:35","slug":"siirtohoyla","status":"publish","type":"page","link":"https:\/\/pihasauna.fi\/index.php\/siirtohoyla\/","title":{"rendered":"Siirtoh\u00f6yl\u00e4 Puntala"},"content":{"rendered":"\n<p>Suoritamme puutavaran h\u00f6yl\u00e4yst\u00e4 siirtoh\u00f6yl\u00e4ll\u00e4 30-vuoden kokemuksella haluamassanne paikassa<\/p>\n\n\n\n<figure class=\"wp-block-image\"><img decoding=\"async\" src=\"https:\/\/lh6.googleusercontent.com\/dWQFt3SHBcUzuMNdfDFRWHbvQtStBEcUsG9B-bpUaaS_wgZUljF0HA1A684UQeKL55-unEUDXEXRhi14Swc5l3ImQOaEcmMM8_iusaFQxj9nc-IrTFwIouy2UtZkrgg0-B-Fs2T4\" alt=\"\"\/><\/figure>\n\n\n\n<h2 class=\"wp-block-heading\" id=\"hoylaamme\">H\u00f6yl\u00e4\u00e4mme<\/h2>\n\n\n\n<ul class=\"wp-block-list\"><li>paneelit<\/li><li>lattialaudat<\/li><li>ulkovuoret<\/li><li>raakapuntit<\/li><li>mitallistamiset<\/li><li>h\u00f6yl\u00e4hirret 4\u2033 x 6\u2033 (100\u00d7150 mm)<\/li><\/ul>\n\n\n\n<h2 class=\"wp-block-heading\" id=\"yleista\">Yleist\u00e4<\/h2>\n\n\n\n<p>K\u00e4ytt\u00f6voimansa h\u00f6yl\u00e4 saa kuorma-autosta. Yleens\u00e4, sahatavaran laadun ollassa samaa, taapelin voi purkaa h\u00f6yl\u00e4yksen aikana ja valmiin h\u00f6yl\u00e4tavaran voi ottaa k\u00e4rryyn tai haluamaasi paikkaan. S\u00e4\u00e4st\u00e4t aikaa ja kuljetuskustannuksia.<\/p>\n\n\n\n<h2 class=\"wp-block-heading\" id=\"laskutusperusteet\">Laskutusperusteet<\/h2>\n\n\n\n<p>H\u00f6yl\u00e4\u00e4mme metriveloituksellaSiirrot veloituksettaTerien vaihto veloituksetta (m\u00e4\u00e4rien ollessa riitt\u00e4vi\u00e4)<\/p>\n\n\n\n<h2 class=\"wp-block-heading\" id=\"yhteystiedot\">Yhteystiedot<\/h2>\n\n\n\n<p>Siirtoh\u00f6yl\u00e4 Puntala\u00a0\u00a0\u00a0\u00a0\u00a0\u00a0\u00a0\u00a0\u00a0\u00a0\u00a0\u00a0\u00a0\u00a0\u00a0\u00a0<br>Laaksotorpantie 121<br>37600 VALKEAKOSKI<br>puh. 0400-237 696<\/p>\n","protected":false},"excerpt":{"rendered":"<p>Suoritamme puutavaran h\u00f6yl\u00e4yst\u00e4 siirtoh\u00f6yl\u00e4ll\u00e4 30-vuoden kokemuksella haluamassanne paikassa H\u00f6yl\u00e4\u00e4mme paneelit lattialaudat ulkovuoret raakapuntit mitallistamiset h\u00f6yl\u00e4hirret 4\u2033 x 6\u2033 (100\u00d7150 mm) Yleist\u00e4 K\u00e4ytt\u00f6voimansa h\u00f6yl\u00e4 saa kuorma-autosta. Yleens\u00e4, sahatavaran laadun ollassa samaa, taapelin voi purkaa h\u00f6yl\u00e4yksen aikana ja valmiin h\u00f6yl\u00e4tavaran voi ottaa k\u00e4rryyn tai haluamaasi paikkaan. S\u00e4\u00e4st\u00e4t aikaa ja kuljetuskustannuksia. Laskutusperusteet H\u00f6yl\u00e4\u00e4mme metriveloituksellaSiirrot veloituksettaTerien vaihto veloituksetta (m\u00e4\u00e4rien &#8230; <a title=\"Siirtoh\u00f6yl\u00e4 Puntala\" class=\"read-more\" href=\"https:\/\/pihasauna.fi\/index.php\/siirtohoyla\/\" aria-label=\"Lue lis\u00e4\u00e4 aiheesta Siirtoh\u00f6yl\u00e4 Puntala\">Lue lis\u00e4\u00e4<\/a><\/p>\n","protected":false},"author":1,"featured_media":0,"parent":0,"menu_order":0,"comment_status":"closed","ping_status":"closed","template":"","meta":{"footnotes":""},"class_list":["post-33","page","type-page","status-publish"],"_links":{"self":[{"href":"https:\/\/pihasauna.fi\/index.php\/wp-json\/wp\/v2\/pages\/33","targetHints":{"allow":["GET"]}}],"collection":[{"href":"https:\/\/pihasauna.fi\/index.php\/wp-json\/wp\/v2\/pages"}],"about":[{"href":"https:\/\/pihasauna.fi\/index.php\/wp-json\/wp\/v2\/types\/page"}],"author":[{"embeddable":true,"href":"https:\/\/pihasauna.fi\/index.php\/wp-json\/wp\/v2\/users\/1"}],"replies":[{"embeddable":true,"href":"https:\/\/pihasauna.fi\/index.php\/wp-json\/wp\/v2\/comments?post=33"}],"version-history":[{"count":6,"href":"https:\/\/pihasauna.fi\/index.php\/wp-json\/wp\/v2\/pages\/33\/revisions"}],"predecessor-version":[{"id":45,"href":"https:\/\/pihasauna.fi\/index.php\/wp-json\/wp\/v2\/pages\/33\/revisions\/45"}],"wp:attachment":[{"href":"https:\/\/pihasauna.fi\/index.php\/wp-json\/wp\/v2\/media?parent=33"}],"curies":[{"name":"wp","href":"https:\/\/api.w.org\/{rel}","templated":true}]}}